{"id":612,"date":"2023-02-02T17:22:28","date_gmt":"2023-02-02T17:22:28","guid":{"rendered":"http:\/\/tcgem\u00fcnden.de\/?page_id=612"},"modified":"2024-03-21T03:56:40","modified_gmt":"2024-03-21T03:56:40","slug":"aktuelles","status":"publish","type":"page","link":"https:\/\/tcgem\u00fcnden.de\/?page_id=612","title":{"rendered":"Mitglied werden"},"content":{"rendered":"\t\t<div data-elementor-type=\"wp-page\" data-elementor-id=\"612\" class=\"elementor elementor-612\">\n\t\t\t\t\t\t\t\t\t<section class=\"elementor-section elementor-top-section elementor-element elementor-element-6b4a44c elementor-section-full_width elementor-section-height-default elementor-section-height-default\" data-id=\"6b4a44c\" data-element_type=\"section\">\n\t\t\t\t\t\t<div class=\"elementor-container elementor-column-gap-default\">\n\t\t\t\t\t<div class=\"elementor-column elementor-col-100 elementor-top-column elementor-element elementor-element-3de1f8c\" data-id=\"3de1f8c\" data-element_type=\"column\">\n\t\t\t<div class=\"elementor-widget-wrap elementor-element-populated\">\n\t\t\t\t\t\t\t\t<div class=\"elementor-element elementor-element-adaa0b0 elementor-invisible elementor-widget elementor-widget-image\" data-id=\"adaa0b0\" data-element_type=\"widget\" data-settings=\"{&quot;_animation&quot;:&quot;fadeIn&quot;}\" data-widget_type=\"image.default\">\n\t\t\t\t<div class=\"elementor-widget-container\">\n\t\t\t<style>\/*! elementor - v3.18.0 - 20-12-2023 *\/\n.elementor-widget-image{text-align:center}.elementor-widget-image a{display:inline-block}.elementor-widget-image a img[src$=\".svg\"]{width:48px}.elementor-widget-image img{vertical-align:middle;display:inline-block}<\/style>\t\t\t\t\t\t\t\t\t\t\t\t<img fetchpriority=\"high\" decoding=\"async\" width=\"1923\" height=\"370\" src=\"https:\/\/tcgem\u00fcnden.de\/wp-content\/uploads\/2023\/02\/tcGneu4.jpg\" class=\"attachment-2048x2048 size-2048x2048 wp-image-492\" alt=\"\" srcset=\"https:\/\/tcgem\u00fcnden.de\/wp-content\/uploads\/2023\/02\/tcGneu4.jpg 1923w, https:\/\/tcgem\u00fcnden.de\/wp-content\/uploads\/2023\/02\/tcGneu4-300x58.jpg 300w, https:\/\/tcgem\u00fcnden.de\/wp-content\/uploads\/2023\/02\/tcGneu4-1024x197.jpg 1024w, https:\/\/tcgem\u00fcnden.de\/wp-content\/uploads\/2023\/02\/tcGneu4-768x148.jpg 768w, https:\/\/tcgem\u00fcnden.de\/wp-content\/uploads\/2023\/02\/tcGneu4-1536x296.jpg 1536w\" sizes=\"(max-width: 1923px) 100vw, 1923px\" \/>\t\t\t\t\t\t\t\t\t\t\t\t\t\t\t<\/div>\n\t\t\t\t<\/div>\n\t\t\t\t<section class=\"elementor-section elementor-inner-section elementor-element elementor-element-bba2a8f elementor-section-boxed elementor-section-height-default elementor-section-height-default\" data-id=\"bba2a8f\" data-element_type=\"section\">\n\t\t\t\t\t\t<div class=\"elementor-container elementor-column-gap-default\">\n\t\t\t\t\t<div class=\"elementor-column elementor-col-100 elementor-inner-column elementor-element elementor-element-3014ec1\" data-id=\"3014ec1\" data-element_type=\"column\">\n\t\t\t<div class=\"elementor-widget-wrap elementor-element-populated\">\n\t\t\t\t\t\t\t\t<div class=\"elementor-element elementor-element-c280868 elementor-widget elementor-widget-text-editor\" data-id=\"c280868\" data-element_type=\"widget\" data-widget_type=\"text-editor.default\">\n\t\t\t\t<div class=\"elementor-widget-container\">\n\t\t\t<style>\/*! elementor - v3.18.0 - 20-12-2023 *\/\n.elementor-widget-text-editor.elementor-drop-cap-view-stacked .elementor-drop-cap{background-color:#69727d;color:#fff}.elementor-widget-text-editor.elementor-drop-cap-view-framed .elementor-drop-cap{color:#69727d;border:3px solid;background-color:transparent}.elementor-widget-text-editor:not(.elementor-drop-cap-view-default) .elementor-drop-cap{margin-top:8px}.elementor-widget-text-editor:not(.elementor-drop-cap-view-default) .elementor-drop-cap-letter{width:1em;height:1em}.elementor-widget-text-editor .elementor-drop-cap{float:left;text-align:center;line-height:1;font-size:50px}.elementor-widget-text-editor .elementor-drop-cap-letter{display:inline-block}<\/style>\t\t\t\t<div><div><h1 style=\"text-align: center;\">Mitglied werden<\/h1><div>\u00a0<\/div><\/div><\/div><p><strong>Neue Mitglieder sind bei uns herzlich willkommen!<\/strong><\/p><p><strong>Ansprechpartner bei allen Fragen zur Mitgliedschaft:<\/strong><\/p><p>TC Gem\u00fcnden\u00a0 e.V.<\/p><p>H\u00e4fnergasse 30<\/p><p>97737 Gem\u00fcnden am Main<\/p><p>Telefon 0152 &#8211; 27120419<\/p><p>E-Mail: tcgemuenden@web.de<br \/>Internet: www.tcgem\u00fcnden.de<\/p><p>Die Mitgliedschaft beim TC Gem\u00fcnden ist an das Gesch\u00e4ftsjahr gebunden (siehe Satzung) und <strong>geht jeweils von 01.01 bis 31.12.<\/strong><br \/>K\u00fcndigungen und \u00c4nderungen der Mitgliedschaft m\u00fcssen mit einmonatiger Frist bis Ende\u00a0Dezember\u00a0erfolgen.<\/p><p>Zus\u00e4tzlich zu dem Jahresbeitrag besteht grunds\u00e4tzlich eine Arbeitsverpflichtung, die ersatzweise auch bezahlt werden kann.<\/p>\t\t\t\t\t\t<\/div>\n\t\t\t\t<\/div>\n\t\t\t\t<div class=\"elementor-element elementor-element-1aaf669 elementor-align-center elementor-widget elementor-widget-button\" data-id=\"1aaf669\" data-element_type=\"widget\" data-widget_type=\"button.default\">\n\t\t\t\t<div class=\"elementor-widget-container\">\n\t\t\t\t\t<div class=\"elementor-button-wrapper\">\n\t\t\t<a class=\"elementor-button elementor-button-link elementor-size-sm\" href=\"https:\/\/tcgem\u00fcnden.de\/wp-content\/uploads\/2024\/01\/Aufnahmeantrag.doc\">\n\t\t\t\t\t\t<span class=\"elementor-button-content-wrapper\">\n\t\t\t\t\t\t<span class=\"elementor-button-icon elementor-align-icon-left\">\n\t\t\t\t<i aria-hidden=\"true\" class=\"far fa-file\"><\/i>\t\t\t<\/span>\n\t\t\t\t\t\t<span class=\"elementor-button-text\">Aufnahmeantrag<\/span>\n\t\t<\/span>\n\t\t\t\t\t<\/a>\n\t\t<\/div>\n\t\t\t\t<\/div>\n\t\t\t\t<\/div>\n\t\t\t\t\t<\/div>\n\t\t<\/div>\n\t\t\t\t\t\t\t<\/div>\n\t\t<\/section>\n\t\t\t\t<section class=\"elementor-section elementor-inner-section elementor-element elementor-element-b70643d elementor-section-boxed elementor-section-height-default elementor-section-height-default\" data-id=\"b70643d\" data-element_type=\"section\">\n\t\t\t\t\t\t<div class=\"elementor-container elementor-column-gap-default\">\n\t\t\t\t\t<div class=\"elementor-column elementor-col-33 elementor-inner-column elementor-element elementor-element-7b5b155\" data-id=\"7b5b155\" data-element_type=\"column\">\n\t\t\t<div class=\"elementor-widget-wrap elementor-element-populated\">\n\t\t\t\t\t\t\t\t<div class=\"elementor-element elementor-element-2ae7e14 elementor-widget elementor-widget-text-editor\" data-id=\"2ae7e14\" data-element_type=\"widget\" data-widget_type=\"text-editor.default\">\n\t\t\t\t<div class=\"elementor-widget-container\">\n\t\t\t\t\t\t\t<div class=\"wpb_text_column \"><div class=\"wpb_wrapper\"><h1 style=\"text-align: center;\"><span style=\"font-weight: normal;\">Ehepaar \/ Partner aktiv <br \/><\/span><\/h1><\/div><\/div><h1><strong>\u20ac<span style=\"color: #333300;\"><u>140<\/u><\/span>\/Jahr<br \/><\/strong><\/h1><ul><li style=\"text-align: left;\">Kostenlose Nutzung der Pl\u00e4tze<\/li><li style=\"text-align: left;\">Zugang zum Clubhaus<\/li><li style=\"text-align: left;\">Manschafftswettk\u00e4mpfe<\/li><li style=\"text-align: left;\">Vereinsveranstaltungen<\/li><li style=\"text-align: left;\">Arbeitseins\u00e4tze 8 Stunden a 10\u20ac<\/li><li style=\"text-align: left;\">Alle Kinder bis 18. Lebensjahr inklusive<\/li><\/ul><div>\u00a0<\/div>\t\t\t\t\t\t<\/div>\n\t\t\t\t<\/div>\n\t\t\t\t\t<\/div>\n\t\t<\/div>\n\t\t\t\t<div class=\"elementor-column elementor-col-33 elementor-inner-column elementor-element elementor-element-fd1a05e\" data-id=\"fd1a05e\" data-element_type=\"column\">\n\t\t\t<div class=\"elementor-widget-wrap elementor-element-populated\">\n\t\t\t\t\t\t\t\t<div class=\"elementor-element elementor-element-b21bfeb elementor-widget elementor-widget-text-editor\" data-id=\"b21bfeb\" data-element_type=\"widget\" data-widget_type=\"text-editor.default\">\n\t\t\t\t<div class=\"elementor-widget-container\">\n\t\t\t\t\t\t\t<div class=\"wpb_text_column \"><div class=\"wpb_wrapper\"><h1 style=\"text-align: center;\"><span style=\"font-weight: normal;\">Erwachsene aktiv<br \/><\/span><\/h1><\/div><\/div><h1><strong>\u20ac<span style=\"color: #333300;\"><u>115<\/u><\/span>\/Jahr<br \/><\/strong><\/h1><ul><li style=\"text-align: left;\">Kostenlose Nutzung der Pl\u00e4tze<\/li><li style=\"text-align: left;\">Zugang zum Clubhaus<\/li><li style=\"text-align: left;\">Manschafftswettk\u00e4mpfe<\/li><li style=\"text-align: left;\">Vereinsveranstaltungen<\/li><li style=\"text-align: left;\">Arbeitseins\u00e4tze 5 Stunden a 10\u20ac<\/li><\/ul><div>\u00a0<\/div>\t\t\t\t\t\t<\/div>\n\t\t\t\t<\/div>\n\t\t\t\t\t<\/div>\n\t\t<\/div>\n\t\t\t\t<div class=\"elementor-column elementor-col-33 elementor-inner-column elementor-element elementor-element-afb94c7\" data-id=\"afb94c7\" data-element_type=\"column\">\n\t\t\t<div class=\"elementor-widget-wrap elementor-element-populated\">\n\t\t\t\t\t\t\t\t<div class=\"elementor-element elementor-element-cd0097b elementor-widget elementor-widget-text-editor\" data-id=\"cd0097b\" data-element_type=\"widget\" data-widget_type=\"text-editor.default\">\n\t\t\t\t<div class=\"elementor-widget-container\">\n\t\t\t\t\t\t\t<div class=\"wpb_text_column \">\n<div class=\"wpb_wrapper\">\n<h1 style=\"text-align: center;\"><span style=\"font-weight: normal;\">Sch\u00fcler\/Studenten Azubis ab 18 <br><\/span><\/h1>\n<\/div>\n<\/div>\n<h1><strong>\u20ac<span style=\"color: #333300;\"><u>48<\/u><\/span>\/<u>Jahr<\/u><br><\/strong><\/h1>\n<ul>\n<li style=\"text-align: left;\">Kostenlose Nutzung der Pl\u00e4tze<\/li>\n<li style=\"text-align: left;\">Zugang zum Clubhaus<\/li>\n<li style=\"text-align: left;\">Manschafftswettk\u00e4mpfe<\/li>\n<li style=\"text-align: left;\">Vereinsveranstaltungen<\/li>\n<li style=\"text-align: left;\">Arbeitseins\u00e4tze 5 Stunden a 10\u20ac<\/li>\n<\/ul>\n<div>&nbsp;<\/div>\n<p><\/p>\t\t\t\t\t\t<\/div>\n\t\t\t\t<\/div>\n\t\t\t\t\t<\/div>\n\t\t<\/div>\n\t\t\t\t\t\t\t<\/div>\n\t\t<\/section>\n\t\t\t\t<section class=\"elementor-section elementor-inner-section elementor-element elementor-element-9f37e9f elementor-section-boxed elementor-section-height-default elementor-section-height-default\" data-id=\"9f37e9f\" data-element_type=\"section\">\n\t\t\t\t\t\t<div class=\"elementor-container elementor-column-gap-default\">\n\t\t\t\t\t<div class=\"elementor-column elementor-col-33 elementor-inner-column elementor-element elementor-element-98a084a\" data-id=\"98a084a\" data-element_type=\"column\">\n\t\t\t<div class=\"elementor-widget-wrap elementor-element-populated\">\n\t\t\t\t\t\t\t\t<div class=\"elementor-element elementor-element-51b30c5 elementor-widget elementor-widget-text-editor\" data-id=\"51b30c5\" data-element_type=\"widget\" data-widget_type=\"text-editor.default\">\n\t\t\t\t<div class=\"elementor-widget-container\">\n\t\t\t\t\t\t\t<div class=\"wpb_text_column \"><div class=\"wpb_wrapper\"><h1 style=\"text-align: center;\"><span style=\"font-weight: normal;\">Kinder 13 bis 17 Jahre<br \/><\/span><\/h1><\/div><\/div><h1><strong>\u20ac<u>48<\/u>\/Jahr<br \/><\/strong><\/h1><ul><li style=\"text-align: left;\">Kostenlose Nutzung der Pl\u00e4tze<\/li><li style=\"text-align: left;\">Manschafftswettk\u00e4mpfe<\/li><li style=\"text-align: left;\">Vereinsveranstaltungen<\/li><li style=\"text-align: left;\">Arbeitseins\u00e4tze 3 Stuinden a 10\u20ac<\/li><\/ul><div>\u00a0<\/div>\t\t\t\t\t\t<\/div>\n\t\t\t\t<\/div>\n\t\t\t\t\t<\/div>\n\t\t<\/div>\n\t\t\t\t<div class=\"elementor-column elementor-col-33 elementor-inner-column elementor-element elementor-element-d4d5df9\" data-id=\"d4d5df9\" data-element_type=\"column\">\n\t\t\t<div class=\"elementor-widget-wrap elementor-element-populated\">\n\t\t\t\t\t\t\t\t<div class=\"elementor-element elementor-element-9591484 elementor-widget elementor-widget-text-editor\" data-id=\"9591484\" data-element_type=\"widget\" data-widget_type=\"text-editor.default\">\n\t\t\t\t<div class=\"elementor-widget-container\">\n\t\t\t\t\t\t\t<div class=\"wpb_text_column \"><div class=\"wpb_wrapper\"><h1 style=\"text-align: center;\"><span style=\"font-weight: normal;\">passive Mitgliedschaft<br \/><\/span><\/h1><\/div><\/div><h1><strong>\u20ac<u>28<\/u>\/Jahr<br \/><\/strong><\/h1><ul><li style=\"text-align: left;\">Vereinsveranstaltungen<\/li><\/ul><div>\u00a0<\/div>\t\t\t\t\t\t<\/div>\n\t\t\t\t<\/div>\n\t\t\t\t\t<\/div>\n\t\t<\/div>\n\t\t\t\t<div class=\"elementor-column elementor-col-33 elementor-inner-column elementor-element elementor-element-8ce2b35\" data-id=\"8ce2b35\" data-element_type=\"column\">\n\t\t\t<div class=\"elementor-widget-wrap elementor-element-populated\">\n\t\t\t\t\t\t\t\t<div class=\"elementor-element elementor-element-6395ad7 elementor-widget elementor-widget-text-editor\" data-id=\"6395ad7\" data-element_type=\"widget\" data-widget_type=\"text-editor.default\">\n\t\t\t\t<div class=\"elementor-widget-container\">\n\t\t\t\t\t\t\t<div class=\"wpb_text_column \"><div class=\"wpb_wrapper\"><h1 style=\"text-align: center;\"><span style=\"font-weight: normal;\">Kinder bis 13 Jahre<br \/><\/span><\/h1><\/div><\/div><h1><strong>\u20ac<u>32<\/u>\/Jahr<br \/><\/strong><\/h1><ul><li style=\"text-align: left;\">Kostenlose Nutzung der Pl\u00e4tze<\/li><li style=\"text-align: left;\">Manschafftswettk\u00e4mpfe<\/li><li style=\"text-align: left;\">Vereinsveranstaltungen<\/li><li style=\"text-align: left;\">Kostenlose Jugendf\u00f6rderung<\/li><\/ul><div>\u00a0<\/div>\t\t\t\t\t\t<\/div>\n\t\t\t\t<\/div>\n\t\t\t\t\t<\/div>\n\t\t<\/div>\n\t\t\t\t\t\t\t<\/div>\n\t\t<\/section>\n\t\t\t\t\t<\/div>\n\t\t<\/div>\n\t\t\t\t\t\t\t<\/div>\n\t\t<\/section>\n\t\t\t\t<section class=\"elementor-section elementor-top-section elementor-element elementor-element-fa9de99 elementor-section-boxed elementor-section-height-default elementor-section-height-default\" data-id=\"fa9de99\" data-element_type=\"section\">\n\t\t\t\t\t\t<div class=\"elementor-container elementor-column-gap-default\">\n\t\t\t\t\t<div class=\"elementor-column elementor-col-33 elementor-top-column elementor-element elementor-element-2ef3c61\" data-id=\"2ef3c61\" data-element_type=\"column\">\n\t\t\t<div class=\"elementor-widget-wrap\">\n\t\t\t\t\t\t\t\t\t<\/div>\n\t\t<\/div>\n\t\t\t\t<div class=\"elementor-column elementor-col-33 elementor-top-column elementor-element elementor-element-c29d53e\" data-id=\"c29d53e\" data-element_type=\"column\">\n\t\t\t<div class=\"elementor-widget-wrap elementor-element-populated\">\n\t\t\t\t\t\t\t\t<section class=\"elementor-section elementor-inner-section elementor-element elementor-element-5104924 elementor-section-boxed elementor-section-height-default elementor-section-height-default\" data-id=\"5104924\" data-element_type=\"section\">\n\t\t\t\t\t\t<div class=\"elementor-container elementor-column-gap-default\">\n\t\t\t\t\t<div class=\"elementor-column elementor-col-50 elementor-inner-column elementor-element elementor-element-f17103f\" data-id=\"f17103f\" data-element_type=\"column\">\n\t\t\t<div class=\"elementor-widget-wrap elementor-element-populated\">\n\t\t\t\t\t\t\t\t<div class=\"elementor-element elementor-element-2f95ce4 elementor-align-center elementor-widget elementor-widget-button\" data-id=\"2f95ce4\" data-element_type=\"widget\" data-widget_type=\"button.default\">\n\t\t\t\t<div class=\"elementor-widget-container\">\n\t\t\t\t\t<div class=\"elementor-button-wrapper\">\n\t\t\t<a class=\"elementor-button elementor-button-link elementor-size-sm\" href=\"http:\/\/xn--tcgemnden-u9a.de\/wp-content\/uploads\/2023\/02\/2023_TCGEM_Mitgliedsbeitraege-2.pdf\">\n\t\t\t\t\t\t<span class=\"elementor-button-content-wrapper\">\n\t\t\t\t\t\t<span class=\"elementor-button-icon elementor-align-icon-left\">\n\t\t\t\t<i aria-hidden=\"true\" class=\"far fa-file\"><\/i>\t\t\t<\/span>\n\t\t\t\t\t\t<span class=\"elementor-button-text\">Mitgliedsbeitr\u00e4ge<\/span>\n\t\t<\/span>\n\t\t\t\t\t<\/a>\n\t\t<\/div>\n\t\t\t\t<\/div>\n\t\t\t\t<\/div>\n\t\t\t\t\t<\/div>\n\t\t<\/div>\n\t\t\t\t<div class=\"elementor-column elementor-col-50 elementor-inner-column elementor-element elementor-element-d692ee0\" data-id=\"d692ee0\" data-element_type=\"column\">\n\t\t\t<div class=\"elementor-widget-wrap elementor-element-populated\">\n\t\t\t\t\t\t\t\t<div class=\"elementor-element elementor-element-171e0e7 elementor-align-center elementor-widget elementor-widget-button\" data-id=\"171e0e7\" data-element_type=\"widget\" data-widget_type=\"button.default\">\n\t\t\t\t<div class=\"elementor-widget-container\">\n\t\t\t\t\t<div class=\"elementor-button-wrapper\">\n\t\t\t<a class=\"elementor-button elementor-button-link elementor-size-sm\" href=\"https:\/\/tcgem\u00fcnden.de\/wp-content\/uploads\/2024\/01\/Aufnahmeantrag.doc\">\n\t\t\t\t\t\t<span class=\"elementor-button-content-wrapper\">\n\t\t\t\t\t\t<span class=\"elementor-button-icon elementor-align-icon-left\">\n\t\t\t\t<i aria-hidden=\"true\" class=\"far fa-file\"><\/i>\t\t\t<\/span>\n\t\t\t\t\t\t<span class=\"elementor-button-text\">Aufnahmeantrag<\/span>\n\t\t<\/span>\n\t\t\t\t\t<\/a>\n\t\t<\/div>\n\t\t\t\t<\/div>\n\t\t\t\t<\/div>\n\t\t\t\t\t<\/div>\n\t\t<\/div>\n\t\t\t\t\t\t\t<\/div>\n\t\t<\/section>\n\t\t\t\t\t<\/div>\n\t\t<\/div>\n\t\t\t\t<div class=\"elementor-column elementor-col-33 elementor-top-column elementor-element elementor-element-65ad1a7\" data-id=\"65ad1a7\" data-element_type=\"column\">\n\t\t\t<div class=\"elementor-widget-wrap\">\n\t\t\t\t\t\t\t\t\t<\/div>\n\t\t<\/div>\n\t\t\t\t\t\t\t<\/div>\n\t\t<\/section>\n\t\t\t\t<section class=\"elementor-section elementor-top-section elementor-element elementor-element-d82d20e elementor-section-boxed elementor-section-height-default elementor-section-height-default\" data-id=\"d82d20e\" data-element_type=\"section\">\n\t\t\t\t\t\t<div class=\"elementor-container elementor-column-gap-default\">\n\t\t\t\t\t<div class=\"elementor-column elementor-col-33 elementor-top-column elementor-element elementor-element-91b7b5a\" data-id=\"91b7b5a\" data-element_type=\"column\">\n\t\t\t<div class=\"elementor-widget-wrap elementor-element-populated\">\n\t\t\t\t\t\t\t\t<div class=\"elementor-element elementor-element-e266496 elementor-widget elementor-widget-image\" data-id=\"e266496\" data-element_type=\"widget\" data-widget_type=\"image.default\">\n\t\t\t\t<div class=\"elementor-widget-container\">\n\t\t\t\t\t\t\t\t\t\t\t\t\t\t\t\t<a href=\"https:\/\/stadtapotheke-gemuenden.de\/\">\n\t\t\t\t\t\t\t<img decoding=\"async\" width=\"239\" height=\"239\" src=\"https:\/\/tcgem\u00fcnden.de\/wp-content\/uploads\/2023\/02\/logo-1.jpg\" class=\"attachment-large size-large wp-image-851\" alt=\"\" srcset=\"https:\/\/tcgem\u00fcnden.de\/wp-content\/uploads\/2023\/02\/logo-1.jpg 239w, https:\/\/tcgem\u00fcnden.de\/wp-content\/uploads\/2023\/02\/logo-1-150x150.jpg 150w\" sizes=\"(max-width: 239px) 100vw, 239px\" \/>\t\t\t\t\t\t\t\t<\/a>\n\t\t\t\t\t\t\t\t\t\t\t\t\t\t\t<\/div>\n\t\t\t\t<\/div>\n\t\t\t\t\t<\/div>\n\t\t<\/div>\n\t\t\t\t<div class=\"elementor-column elementor-col-33 elementor-top-column elementor-element elementor-element-5d9d6ed\" data-id=\"5d9d6ed\" data-element_type=\"column\">\n\t\t\t<div class=\"elementor-widget-wrap elementor-element-populated\">\n\t\t\t\t\t\t\t\t<div class=\"elementor-element elementor-element-f61d996 e-transform e-transform elementor-widget elementor-widget-image\" data-id=\"f61d996\" data-element_type=\"widget\" data-settings=\"{&quot;_transform_translateY_effect&quot;:{&quot;unit&quot;:&quot;px&quot;,&quot;size&quot;:12,&quot;sizes&quot;:[]},&quot;_transform_scale_effect&quot;:{&quot;unit&quot;:&quot;px&quot;,&quot;size&quot;:0.9,&quot;sizes&quot;:[]},&quot;_transform_translateX_effect&quot;:{&quot;unit&quot;:&quot;px&quot;,&quot;size&quot;:&quot;&quot;,&quot;sizes&quot;:[]},&quot;_transform_translateX_effect_tablet&quot;:{&quot;unit&quot;:&quot;px&quot;,&quot;size&quot;:&quot;&quot;,&quot;sizes&quot;:[]},&quot;_transform_translateX_effect_mobile&quot;:{&quot;unit&quot;:&quot;px&quot;,&quot;size&quot;:&quot;&quot;,&quot;sizes&quot;:[]},&quot;_transform_translateY_effect_tablet&quot;:{&quot;unit&quot;:&quot;px&quot;,&quot;size&quot;:&quot;&quot;,&quot;sizes&quot;:[]},&quot;_transform_translateY_effect_mobile&quot;:{&quot;unit&quot;:&quot;px&quot;,&quot;size&quot;:&quot;&quot;,&quot;sizes&quot;:[]},&quot;_transform_scale_effect_tablet&quot;:{&quot;unit&quot;:&quot;px&quot;,&quot;size&quot;:&quot;&quot;,&quot;sizes&quot;:[]},&quot;_transform_scale_effect_mobile&quot;:{&quot;unit&quot;:&quot;px&quot;,&quot;size&quot;:&quot;&quot;,&quot;sizes&quot;:[]}}\" data-widget_type=\"image.default\">\n\t\t\t\t<div class=\"elementor-widget-container\">\n\t\t\t\t\t\t\t\t\t\t\t\t\t\t\t\t<a href=\"https:\/\/stadtmarketing-gemuenden.de\/landbaeckerei-bock\/\">\n\t\t\t\t\t\t\t<img decoding=\"async\" width=\"300\" height=\"300\" src=\"https:\/\/tcgem\u00fcnden.de\/wp-content\/uploads\/2023\/02\/bock-1-300x300.jpg\" class=\"attachment-medium size-medium wp-image-853\" alt=\"\" srcset=\"https:\/\/tcgem\u00fcnden.de\/wp-content\/uploads\/2023\/02\/bock-1-300x300.jpg 300w, https:\/\/tcgem\u00fcnden.de\/wp-content\/uploads\/2023\/02\/bock-1-150x150.jpg 150w, https:\/\/tcgem\u00fcnden.de\/wp-content\/uploads\/2023\/02\/bock-1.jpg 350w\" sizes=\"(max-width: 300px) 100vw, 300px\" \/>\t\t\t\t\t\t\t\t<\/a>\n\t\t\t\t\t\t\t\t\t\t\t\t\t\t\t<\/div>\n\t\t\t\t<\/div>\n\t\t\t\t\t<\/div>\n\t\t<\/div>\n\t\t\t\t<div class=\"elementor-column elementor-col-33 elementor-top-column elementor-element elementor-element-48f0edf\" data-id=\"48f0edf\" data-element_type=\"column\">\n\t\t\t<div class=\"elementor-widget-wrap elementor-element-populated\">\n\t\t\t\t\t\t\t\t<div class=\"elementor-element elementor-element-2a645e7 e-transform elementor-widget elementor-widget-image\" data-id=\"2a645e7\" data-element_type=\"widget\" data-settings=\"{&quot;_transform_translateX_effect&quot;:{&quot;unit&quot;:&quot;px&quot;,&quot;size&quot;:0,&quot;sizes&quot;:[]},&quot;_transform_translateY_effect&quot;:{&quot;unit&quot;:&quot;px&quot;,&quot;size&quot;:73,&quot;sizes&quot;:[]},&quot;_transform_translateX_effect_tablet&quot;:{&quot;unit&quot;:&quot;px&quot;,&quot;size&quot;:&quot;&quot;,&quot;sizes&quot;:[]},&quot;_transform_translateX_effect_mobile&quot;:{&quot;unit&quot;:&quot;px&quot;,&quot;size&quot;:&quot;&quot;,&quot;sizes&quot;:[]},&quot;_transform_translateY_effect_tablet&quot;:{&quot;unit&quot;:&quot;px&quot;,&quot;size&quot;:&quot;&quot;,&quot;sizes&quot;:[]},&quot;_transform_translateY_effect_mobile&quot;:{&quot;unit&quot;:&quot;px&quot;,&quot;size&quot;:&quot;&quot;,&quot;sizes&quot;:[]}}\" data-widget_type=\"image.default\">\n\t\t\t\t<div class=\"elementor-widget-container\">\n\t\t\t\t\t\t\t\t\t\t\t\t\t\t\t\t<a href=\"https:\/\/www.formenbau-niemann.de\/\">\n\t\t\t\t\t\t\t<img loading=\"lazy\" decoding=\"async\" width=\"270\" height=\"81\" src=\"https:\/\/tcgem\u00fcnden.de\/wp-content\/uploads\/2023\/02\/LogoFormenbauNiemannGmbHneuschwarzklein-269w-1.webp\" class=\"attachment-large size-large wp-image-852\" alt=\"\" \/>\t\t\t\t\t\t\t\t<\/a>\n\t\t\t\t\t\t\t\t\t\t\t\t\t\t\t<\/div>\n\t\t\t\t<\/div>\n\t\t\t\t\t<\/div>\n\t\t<\/div>\n\t\t\t\t\t\t\t<\/div>\n\t\t<\/section>\n\t\t\t\t\t\t\t<\/div>\n\t\t","protected":false},"excerpt":{"rendered":"<p>Mitglied werden \u00a0 Neue Mitglieder sind bei uns herzlich willkommen! Ansprechpartner bei allen Fragen zur Mitgliedschaft: TC Gem\u00fcnden\u00a0 e.V. H\u00e4fnergasse 30 97737 Gem\u00fcnden am Main Telefon 0152 &#8211; 27120419 E-Mail: [&hellip;]<\/p>\n","protected":false},"author":1,"featured_media":0,"parent":0,"menu_order":0,"comment_status":"closed","ping_status":"closed","template":"","meta":[],"_links":{"self":[{"href":"https:\/\/tcgem\u00fcnden.de\/index.php?rest_route=\/wp\/v2\/pages\/612"}],"collection":[{"href":"https:\/\/tcgem\u00fcnden.de\/index.php?rest_route=\/wp\/v2\/pages"}],"about":[{"href":"https:\/\/tcgem\u00fcnden.de\/index.php?rest_route=\/wp\/v2\/types\/page"}],"author":[{"embeddable":true,"href":"https:\/\/tcgem\u00fcnden.de\/index.php?rest_route=\/wp\/v2\/users\/1"}],"replies":[{"embeddable":true,"href":"https:\/\/tcgem\u00fcnden.de\/index.php?rest_route=%2Fwp%2Fv2%2Fcomments&post=612"}],"version-history":[{"count":214,"href":"https:\/\/tcgem\u00fcnden.de\/index.php?rest_route=\/wp\/v2\/pages\/612\/revisions"}],"predecessor-version":[{"id":1312,"href":"https:\/\/tcgem\u00fcnden.de\/index.php?rest_route=\/wp\/v2\/pages\/612\/revisions\/1312"}],"wp:attachment":[{"href":"https:\/\/tcgem\u00fcnden.de\/index.php?rest_route=%2Fwp%2Fv2%2Fmedia&parent=612"}],"curies":[{"name":"wp","href":"https:\/\/api.w.org\/{rel}","templated":true}]}}