{"id":458,"date":"2023-01-31T21:29:48","date_gmt":"2023-01-31T21:29:48","guid":{"rendered":"http:\/\/tcgem\u00fcnden.de\/?page_id=458"},"modified":"2023-07-26T07:45:42","modified_gmt":"2023-07-26T07:45:42","slug":"platzbuchung","status":"publish","type":"page","link":"https:\/\/tcgem\u00fcnden.de\/?page_id=458","title":{"rendered":"Platzreservierung"},"content":{"rendered":"\t\t<div data-elementor-type=\"wp-page\" data-elementor-id=\"458\" class=\"elementor elementor-458\">\n\t\t\t\t\t\t\t\t\t<section class=\"elementor-section elementor-top-section elementor-element elementor-element-6b4a44c elementor-section-full_width elementor-section-height-default elementor-section-height-default\" data-id=\"6b4a44c\" data-element_type=\"section\">\n\t\t\t\t\t\t<div class=\"elementor-container elementor-column-gap-default\">\n\t\t\t\t\t<div class=\"elementor-column elementor-col-100 elementor-top-column elementor-element elementor-element-3de1f8c\" data-id=\"3de1f8c\" data-element_type=\"column\">\n\t\t\t<div class=\"elementor-widget-wrap elementor-element-populated\">\n\t\t\t\t\t\t\t\t<div class=\"elementor-element elementor-element-648967b elementor-invisible elementor-widget elementor-widget-image\" data-id=\"648967b\" data-element_type=\"widget\" data-settings=\"{&quot;_animation&quot;:&quot;fadeIn&quot;}\" data-widget_type=\"image.default\">\n\t\t\t\t<div class=\"elementor-widget-container\">\n\t\t\t<style>\/*! elementor - v3.18.0 - 20-12-2023 *\/\n.elementor-widget-image{text-align:center}.elementor-widget-image a{display:inline-block}.elementor-widget-image a img[src$=\".svg\"]{width:48px}.elementor-widget-image img{vertical-align:middle;display:inline-block}<\/style>\t\t\t\t\t\t\t\t\t\t\t\t<img fetchpriority=\"high\" decoding=\"async\" width=\"1923\" height=\"370\" src=\"https:\/\/tcgem\u00fcnden.de\/wp-content\/uploads\/2023\/02\/tcGneu4.jpg\" class=\"attachment-2048x2048 size-2048x2048 wp-image-492\" alt=\"\" srcset=\"https:\/\/tcgem\u00fcnden.de\/wp-content\/uploads\/2023\/02\/tcGneu4.jpg 1923w, https:\/\/tcgem\u00fcnden.de\/wp-content\/uploads\/2023\/02\/tcGneu4-300x58.jpg 300w, https:\/\/tcgem\u00fcnden.de\/wp-content\/uploads\/2023\/02\/tcGneu4-1024x197.jpg 1024w, https:\/\/tcgem\u00fcnden.de\/wp-content\/uploads\/2023\/02\/tcGneu4-768x148.jpg 768w, https:\/\/tcgem\u00fcnden.de\/wp-content\/uploads\/2023\/02\/tcGneu4-1536x296.jpg 1536w\" sizes=\"(max-width: 1923px) 100vw, 1923px\" \/>\t\t\t\t\t\t\t\t\t\t\t\t\t\t\t<\/div>\n\t\t\t\t<\/div>\n\t\t\t\t\t<\/div>\n\t\t<\/div>\n\t\t\t\t\t\t\t<\/div>\n\t\t<\/section>\n\t\t\t\t<section class=\"elementor-section elementor-top-section elementor-element elementor-element-d5d8526 elementor-section-boxed elementor-section-height-default elementor-section-height-default\" data-id=\"d5d8526\" data-element_type=\"section\">\n\t\t\t\t\t\t<div class=\"elementor-container elementor-column-gap-default\">\n\t\t\t\t\t<div class=\"elementor-column elementor-col-50 elementor-top-column elementor-element elementor-element-60691e7\" data-id=\"60691e7\" data-element_type=\"column\">\n\t\t\t<div class=\"elementor-widget-wrap elementor-element-populated\">\n\t\t\t\t\t\t\t\t<div class=\"elementor-element elementor-element-ec2eaa7 elementor-widget elementor-widget-text-editor\" data-id=\"ec2eaa7\" data-element_type=\"widget\" data-widget_type=\"text-editor.default\">\n\t\t\t\t<div class=\"elementor-widget-container\">\n\t\t\t<style>\/*! elementor - v3.18.0 - 20-12-2023 *\/\n.elementor-widget-text-editor.elementor-drop-cap-view-stacked .elementor-drop-cap{background-color:#69727d;color:#fff}.elementor-widget-text-editor.elementor-drop-cap-view-framed .elementor-drop-cap{color:#69727d;border:3px solid;background-color:transparent}.elementor-widget-text-editor:not(.elementor-drop-cap-view-default) .elementor-drop-cap{margin-top:8px}.elementor-widget-text-editor:not(.elementor-drop-cap-view-default) .elementor-drop-cap-letter{width:1em;height:1em}.elementor-widget-text-editor .elementor-drop-cap{float:left;text-align:center;line-height:1;font-size:50px}.elementor-widget-text-editor .elementor-drop-cap-letter{display:inline-block}<\/style>\t\t\t\t<div><div><h1 style=\"text-align: center;\">Platzreservierung<\/h1><\/div><\/div><div><div><p><strong>Bei dem bestehenden Platzangebot ist es momentan nicht n\u00f6tig einen Platz vorher zu Buchen.<br \/><\/strong><\/p><p>Um freie Pl\u00e4tze buchen zu k\u00f6nnen, m\u00fcssen Sie zuerst vor Ort sein und sich davon vergewissern, das ein Platz zur Verf\u00fcgung steht. In der Regel sollte das bei 6 Au\u00dfenpl\u00e4tzen immer der Fall sein.<\/p><p><strong>Mitglieder<\/strong><br \/>K\u00f6nnen ohne eine Geb\u00fchr, frei \u00fcber die Pl\u00e4tze verf\u00fcgen, und spielen wann immer es ihnen beliebt<strong>.<br \/><\/strong><\/p><p><strong>G\u00e4ste<\/strong><\/p><p>M\u00fcssen den entsprechenden Betrag, Vorher in einen Umschlag in den Briefkasten am Clubhaus einwerfen.<\/p><p><strong>Ansprechpartner bei Fragen oder Problemen:<\/strong> tcgemuenden@web.de<\/p><p><strong>Die Platzgeb\u00fchr f\u00fcr G\u00e4ste betr\u00e4gt 15 \u20ac\/Std.<\/strong><\/p><p><strong>Die Platzgeb\u00fchr f\u00fcr Mitglied\/Gast betr\u00e4gt 7,50 \u20ac\/Std.<br \/><\/strong><\/p><\/div><\/div>\t\t\t\t\t\t<\/div>\n\t\t\t\t<\/div>\n\t\t\t\t<section class=\"elementor-section elementor-inner-section elementor-element elementor-element-9e083c4 elementor-section-boxed elementor-section-height-default elementor-section-height-default\" data-id=\"9e083c4\" data-element_type=\"section\">\n\t\t\t\t\t\t<div class=\"elementor-container elementor-column-gap-default\">\n\t\t\t\t\t<div class=\"elementor-column elementor-col-100 elementor-inner-column elementor-element elementor-element-1067bba\" data-id=\"1067bba\" data-element_type=\"column\">\n\t\t\t<div class=\"elementor-widget-wrap elementor-element-populated\">\n\t\t\t\t\t\t\t\t<div class=\"elementor-element elementor-element-9fd5a44 elementor-widget elementor-widget-image\" data-id=\"9fd5a44\" data-element_type=\"widget\" data-widget_type=\"image.default\">\n\t\t\t\t<div class=\"elementor-widget-container\">\n\t\t\t\t\t\t\t\t\t\t\t\t\t\t\t<img decoding=\"async\" width=\"1024\" height=\"683\" src=\"https:\/\/tcgem\u00fcnden.de\/wp-content\/uploads\/2023\/07\/GEMUNDENlageplan-1024x683.png\" class=\"attachment-large size-large wp-image-1187\" alt=\"\" srcset=\"https:\/\/tcgem\u00fcnden.de\/wp-content\/uploads\/2023\/07\/GEMUNDENlageplan-1024x683.png 1024w, https:\/\/tcgem\u00fcnden.de\/wp-content\/uploads\/2023\/07\/GEMUNDENlageplan-300x200.png 300w, https:\/\/tcgem\u00fcnden.de\/wp-content\/uploads\/2023\/07\/GEMUNDENlageplan-768x512.png 768w, https:\/\/tcgem\u00fcnden.de\/wp-content\/uploads\/2023\/07\/GEMUNDENlageplan.png 1200w\" sizes=\"(max-width: 1024px) 100vw, 1024px\" \/>\t\t\t\t\t\t\t\t\t\t\t\t\t\t\t<\/div>\n\t\t\t\t<\/div>\n\t\t\t\t\t<\/div>\n\t\t<\/div>\n\t\t\t\t\t\t\t<\/div>\n\t\t<\/section>\n\t\t\t\t\t<\/div>\n\t\t<\/div>\n\t\t\t\t<div class=\"elementor-column elementor-col-50 elementor-top-column elementor-element elementor-element-b51b46a\" data-id=\"b51b46a\" data-element_type=\"column\">\n\t\t\t<div class=\"elementor-widget-wrap elementor-element-populated\">\n\t\t\t\t\t\t\t\t<div class=\"elementor-element elementor-element-fd29e99 elementor-widget elementor-widget-text-editor\" data-id=\"fd29e99\" data-element_type=\"widget\" data-widget_type=\"text-editor.default\">\n\t\t\t\t<div class=\"elementor-widget-container\">\n\t\t\t\t\t\t\t\t\t\t\t\t\t<\/div>\n\t\t\t\t<\/div>\n\t\t\t\t\t<\/div>\n\t\t<\/div>\n\t\t\t\t\t\t\t<\/div>\n\t\t<\/section>\n\t\t\t\t<section class=\"elementor-section elementor-top-section elementor-element elementor-element-f18db14 elementor-section-boxed elementor-section-height-default elementor-section-height-default\" data-id=\"f18db14\" data-element_type=\"section\">\n\t\t\t\t\t\t<div class=\"elementor-container elementor-column-gap-default\">\n\t\t\t\t\t<div class=\"elementor-column elementor-col-100 elementor-top-column elementor-element elementor-element-e2780ae\" data-id=\"e2780ae\" data-element_type=\"column\">\n\t\t\t<div class=\"elementor-widget-wrap elementor-element-populated\">\n\t\t\t\t\t\t\t\t<div class=\"elementor-element elementor-element-fe27c86 elementor-widget elementor-widget-image\" data-id=\"fe27c86\" data-element_type=\"widget\" data-widget_type=\"image.default\">\n\t\t\t\t<div class=\"elementor-widget-container\">\n\t\t\t\t\t\t\t\t\t\t\t\t\t\t\t<img decoding=\"async\" width=\"1024\" height=\"300\" src=\"https:\/\/tcgem\u00fcnden.de\/wp-content\/uploads\/2023\/07\/Forderlogo_RbMSPdruck-1-1024x300.jpg\" class=\"attachment-large size-large wp-image-1191\" alt=\"\" srcset=\"https:\/\/tcgem\u00fcnden.de\/wp-content\/uploads\/2023\/07\/Forderlogo_RbMSPdruck-1-1024x300.jpg 1024w, https:\/\/tcgem\u00fcnden.de\/wp-content\/uploads\/2023\/07\/Forderlogo_RbMSPdruck-1-300x88.jpg 300w, https:\/\/tcgem\u00fcnden.de\/wp-content\/uploads\/2023\/07\/Forderlogo_RbMSPdruck-1-768x225.jpg 768w, https:\/\/tcgem\u00fcnden.de\/wp-content\/uploads\/2023\/07\/Forderlogo_RbMSPdruck-1.jpg 1500w\" sizes=\"(max-width: 1024px) 100vw, 1024px\" \/>\t\t\t\t\t\t\t\t\t\t\t\t\t\t\t<\/div>\n\t\t\t\t<\/div>\n\t\t\t\t\t<\/div>\n\t\t<\/div>\n\t\t\t\t\t\t\t<\/div>\n\t\t<\/section>\n\t\t\t\t<section class=\"elementor-section elementor-top-section elementor-element elementor-element-4001948 elementor-section-boxed elementor-section-height-default elementor-section-height-default\" data-id=\"4001948\" data-element_type=\"section\">\n\t\t\t\t\t\t<div class=\"elementor-container elementor-column-gap-default\">\n\t\t\t\t\t<div class=\"elementor-column elementor-col-33 elementor-top-column elementor-element elementor-element-baaed1e\" data-id=\"baaed1e\" data-element_type=\"column\">\n\t\t\t<div class=\"elementor-widget-wrap elementor-element-populated\">\n\t\t\t\t\t\t\t\t<div class=\"elementor-element elementor-element-befed54 elementor-widget elementor-widget-image\" data-id=\"befed54\" data-element_type=\"widget\" data-widget_type=\"image.default\">\n\t\t\t\t<div class=\"elementor-widget-container\">\n\t\t\t\t\t\t\t\t\t\t\t\t\t\t\t\t<a href=\"https:\/\/stadtapotheke-gemuenden.de\/\">\n\t\t\t\t\t\t\t<img loading=\"lazy\" decoding=\"async\" width=\"239\" height=\"239\" src=\"https:\/\/tcgem\u00fcnden.de\/wp-content\/uploads\/2023\/02\/logo-1.jpg\" class=\"attachment-large size-large wp-image-851\" alt=\"\" srcset=\"https:\/\/tcgem\u00fcnden.de\/wp-content\/uploads\/2023\/02\/logo-1.jpg 239w, https:\/\/tcgem\u00fcnden.de\/wp-content\/uploads\/2023\/02\/logo-1-150x150.jpg 150w\" sizes=\"(max-width: 239px) 100vw, 239px\" \/>\t\t\t\t\t\t\t\t<\/a>\n\t\t\t\t\t\t\t\t\t\t\t\t\t\t\t<\/div>\n\t\t\t\t<\/div>\n\t\t\t\t\t<\/div>\n\t\t<\/div>\n\t\t\t\t<div class=\"elementor-column elementor-col-33 elementor-top-column elementor-element elementor-element-135fcab\" data-id=\"135fcab\" data-element_type=\"column\">\n\t\t\t<div class=\"elementor-widget-wrap elementor-element-populated\">\n\t\t\t\t\t\t\t\t<div class=\"elementor-element elementor-element-6a4b92e e-transform e-transform elementor-widget elementor-widget-image\" data-id=\"6a4b92e\" data-element_type=\"widget\" data-settings=\"{&quot;_transform_translateY_effect&quot;:{&quot;unit&quot;:&quot;px&quot;,&quot;size&quot;:12,&quot;sizes&quot;:[]},&quot;_transform_scale_effect&quot;:{&quot;unit&quot;:&quot;px&quot;,&quot;size&quot;:0.9,&quot;sizes&quot;:[]},&quot;_transform_translateX_effect&quot;:{&quot;unit&quot;:&quot;px&quot;,&quot;size&quot;:&quot;&quot;,&quot;sizes&quot;:[]},&quot;_transform_translateX_effect_tablet&quot;:{&quot;unit&quot;:&quot;px&quot;,&quot;size&quot;:&quot;&quot;,&quot;sizes&quot;:[]},&quot;_transform_translateX_effect_mobile&quot;:{&quot;unit&quot;:&quot;px&quot;,&quot;size&quot;:&quot;&quot;,&quot;sizes&quot;:[]},&quot;_transform_translateY_effect_tablet&quot;:{&quot;unit&quot;:&quot;px&quot;,&quot;size&quot;:&quot;&quot;,&quot;sizes&quot;:[]},&quot;_transform_translateY_effect_mobile&quot;:{&quot;unit&quot;:&quot;px&quot;,&quot;size&quot;:&quot;&quot;,&quot;sizes&quot;:[]},&quot;_transform_scale_effect_tablet&quot;:{&quot;unit&quot;:&quot;px&quot;,&quot;size&quot;:&quot;&quot;,&quot;sizes&quot;:[]},&quot;_transform_scale_effect_mobile&quot;:{&quot;unit&quot;:&quot;px&quot;,&quot;size&quot;:&quot;&quot;,&quot;sizes&quot;:[]}}\" data-widget_type=\"image.default\">\n\t\t\t\t<div class=\"elementor-widget-container\">\n\t\t\t\t\t\t\t\t\t\t\t\t\t\t\t\t<a href=\"https:\/\/stadtmarketing-gemuenden.de\/landbaeckerei-bock\/\">\n\t\t\t\t\t\t\t<img loading=\"lazy\" decoding=\"async\" width=\"300\" height=\"300\" src=\"https:\/\/tcgem\u00fcnden.de\/wp-content\/uploads\/2023\/02\/bock-1-300x300.jpg\" class=\"attachment-medium size-medium wp-image-853\" alt=\"\" srcset=\"https:\/\/tcgem\u00fcnden.de\/wp-content\/uploads\/2023\/02\/bock-1-300x300.jpg 300w, https:\/\/tcgem\u00fcnden.de\/wp-content\/uploads\/2023\/02\/bock-1-150x150.jpg 150w, https:\/\/tcgem\u00fcnden.de\/wp-content\/uploads\/2023\/02\/bock-1.jpg 350w\" sizes=\"(max-width: 300px) 100vw, 300px\" \/>\t\t\t\t\t\t\t\t<\/a>\n\t\t\t\t\t\t\t\t\t\t\t\t\t\t\t<\/div>\n\t\t\t\t<\/div>\n\t\t\t\t\t<\/div>\n\t\t<\/div>\n\t\t\t\t<div class=\"elementor-column elementor-col-33 elementor-top-column elementor-element elementor-element-fa4ddce\" data-id=\"fa4ddce\" data-element_type=\"column\">\n\t\t\t<div class=\"elementor-widget-wrap elementor-element-populated\">\n\t\t\t\t\t\t\t\t<div class=\"elementor-element elementor-element-0c5066c e-transform elementor-widget elementor-widget-image\" data-id=\"0c5066c\" data-element_type=\"widget\" data-settings=\"{&quot;_transform_translateX_effect&quot;:{&quot;unit&quot;:&quot;px&quot;,&quot;size&quot;:0,&quot;sizes&quot;:[]},&quot;_transform_translateY_effect&quot;:{&quot;unit&quot;:&quot;px&quot;,&quot;size&quot;:73,&quot;sizes&quot;:[]},&quot;_transform_translateX_effect_tablet&quot;:{&quot;unit&quot;:&quot;px&quot;,&quot;size&quot;:&quot;&quot;,&quot;sizes&quot;:[]},&quot;_transform_translateX_effect_mobile&quot;:{&quot;unit&quot;:&quot;px&quot;,&quot;size&quot;:&quot;&quot;,&quot;sizes&quot;:[]},&quot;_transform_translateY_effect_tablet&quot;:{&quot;unit&quot;:&quot;px&quot;,&quot;size&quot;:&quot;&quot;,&quot;sizes&quot;:[]},&quot;_transform_translateY_effect_mobile&quot;:{&quot;unit&quot;:&quot;px&quot;,&quot;size&quot;:&quot;&quot;,&quot;sizes&quot;:[]}}\" data-widget_type=\"image.default\">\n\t\t\t\t<div class=\"elementor-widget-container\">\n\t\t\t\t\t\t\t\t\t\t\t\t\t\t\t\t<a href=\"https:\/\/www.formenbau-niemann.de\/\">\n\t\t\t\t\t\t\t<img loading=\"lazy\" decoding=\"async\" width=\"270\" height=\"81\" src=\"https:\/\/tcgem\u00fcnden.de\/wp-content\/uploads\/2023\/02\/LogoFormenbauNiemannGmbHneuschwarzklein-269w-1.webp\" class=\"attachment-large size-large wp-image-852\" alt=\"\" \/>\t\t\t\t\t\t\t\t<\/a>\n\t\t\t\t\t\t\t\t\t\t\t\t\t\t\t<\/div>\n\t\t\t\t<\/div>\n\t\t\t\t\t<\/div>\n\t\t<\/div>\n\t\t\t\t\t\t\t<\/div>\n\t\t<\/section>\n\t\t\t\t\t\t\t<\/div>\n\t\t","protected":false},"excerpt":{"rendered":"<p>Platzreservierung Bei dem bestehenden Platzangebot ist es momentan nicht n\u00f6tig einen Platz vorher zu Buchen. Um freie Pl\u00e4tze buchen zu k\u00f6nnen, m\u00fcssen Sie zuerst vor Ort sein und sich davon [&hellip;]<\/p>\n","protected":false},"author":1,"featured_media":0,"parent":0,"menu_order":0,"comment_status":"closed","ping_status":"closed","template":"","meta":[],"_links":{"self":[{"href":"https:\/\/tcgem\u00fcnden.de\/index.php?rest_route=\/wp\/v2\/pages\/458"}],"collection":[{"href":"https:\/\/tcgem\u00fcnden.de\/index.php?rest_route=\/wp\/v2\/pages"}],"about":[{"href":"https:\/\/tcgem\u00fcnden.de\/index.php?rest_route=\/wp\/v2\/types\/page"}],"author":[{"embeddable":true,"href":"https:\/\/tcgem\u00fcnden.de\/index.php?rest_route=\/wp\/v2\/users\/1"}],"replies":[{"embeddable":true,"href":"https:\/\/tcgem\u00fcnden.de\/index.php?rest_route=%2Fwp%2Fv2%2Fcomments&post=458"}],"version-history":[{"count":72,"href":"https:\/\/tcgem\u00fcnden.de\/index.php?rest_route=\/wp\/v2\/pages\/458\/revisions"}],"predecessor-version":[{"id":1198,"href":"https:\/\/tcgem\u00fcnden.de\/index.php?rest_route=\/wp\/v2\/pages\/458\/revisions\/1198"}],"wp:attachment":[{"href":"https:\/\/tcgem\u00fcnden.de\/index.php?rest_route=%2Fwp%2Fv2%2Fmedia&parent=458"}],"curies":[{"name":"wp","href":"https:\/\/api.w.org\/{rel}","templated":true}]}}