{"id":197,"date":"2023-01-31T11:21:00","date_gmt":"2023-01-31T11:21:00","guid":{"rendered":"http:\/\/tcgem\u00fcnden.de\/?page_id=197"},"modified":"2026-03-11T07:54:26","modified_gmt":"2026-03-11T07:54:26","slug":"hauptseite","status":"publish","type":"page","link":"https:\/\/tcgem\u00fcnden.de\/","title":{"rendered":"Hauptseite"},"content":{"rendered":"\t\t<div data-elementor-type=\"wp-page\" data-elementor-id=\"197\" class=\"elementor elementor-197\">\n\t\t\t\t\t\t\t\t\t<section class=\"elementor-section elementor-top-section elementor-element elementor-element-6b4a44c elementor-section-full_width elementor-section-height-default elementor-section-height-default\" data-id=\"6b4a44c\" data-element_type=\"section\">\n\t\t\t\t\t\t<div class=\"elementor-container elementor-column-gap-default\">\n\t\t\t\t\t<div class=\"elementor-column elementor-col-100 elementor-top-column elementor-element elementor-element-3de1f8c\" data-id=\"3de1f8c\" data-element_type=\"column\">\n\t\t\t<div class=\"elementor-widget-wrap elementor-element-populated\">\n\t\t\t\t\t\t\t\t<div class=\"elementor-element elementor-element-3abc2da elementor-widget elementor-widget-text-editor\" data-id=\"3abc2da\" data-element_type=\"widget\" data-widget_type=\"text-editor.default\">\n\t\t\t\t<div class=\"elementor-widget-container\">\n\t\t\t<style>\/*! elementor - v3.18.0 - 20-12-2023 *\/\n.elementor-widget-text-editor.elementor-drop-cap-view-stacked .elementor-drop-cap{background-color:#69727d;color:#fff}.elementor-widget-text-editor.elementor-drop-cap-view-framed .elementor-drop-cap{color:#69727d;border:3px solid;background-color:transparent}.elementor-widget-text-editor:not(.elementor-drop-cap-view-default) .elementor-drop-cap{margin-top:8px}.elementor-widget-text-editor:not(.elementor-drop-cap-view-default) .elementor-drop-cap-letter{width:1em;height:1em}.elementor-widget-text-editor .elementor-drop-cap{float:left;text-align:center;line-height:1;font-size:50px}.elementor-widget-text-editor .elementor-drop-cap-letter{display:inline-block}<\/style>\t\t\t\t\t\t\t\t\t\t<\/div>\n\t\t\t\t<\/div>\n\t\t\t\t<div class=\"elementor-element elementor-element-7c347d1 elementor-invisible elementor-widget elementor-widget-image\" data-id=\"7c347d1\" data-element_type=\"widget\" data-settings=\"{&quot;_animation&quot;:&quot;fadeIn&quot;}\" data-widget_type=\"image.default\">\n\t\t\t\t<div class=\"elementor-widget-container\">\n\t\t\t<style>\/*! elementor - v3.18.0 - 20-12-2023 *\/\n.elementor-widget-image{text-align:center}.elementor-widget-image a{display:inline-block}.elementor-widget-image a img[src$=\".svg\"]{width:48px}.elementor-widget-image img{vertical-align:middle;display:inline-block}<\/style>\t\t\t\t\t\t\t\t\t\t\t\t<img fetchpriority=\"high\" decoding=\"async\" width=\"1923\" height=\"370\" src=\"https:\/\/tcgem\u00fcnden.de\/wp-content\/uploads\/2023\/03\/tcGneu4.jpg\" class=\"attachment-2048x2048 size-2048x2048 wp-image-1077\" alt=\"\" srcset=\"https:\/\/tcgem\u00fcnden.de\/wp-content\/uploads\/2023\/03\/tcGneu4.jpg 1923w, https:\/\/tcgem\u00fcnden.de\/wp-content\/uploads\/2023\/03\/tcGneu4-300x58.jpg 300w, https:\/\/tcgem\u00fcnden.de\/wp-content\/uploads\/2023\/03\/tcGneu4-1024x197.jpg 1024w, https:\/\/tcgem\u00fcnden.de\/wp-content\/uploads\/2023\/03\/tcGneu4-768x148.jpg 768w, https:\/\/tcgem\u00fcnden.de\/wp-content\/uploads\/2023\/03\/tcGneu4-1536x296.jpg 1536w\" sizes=\"(max-width: 1923px) 100vw, 1923px\" \/>\t\t\t\t\t\t\t\t\t\t\t\t\t\t\t<\/div>\n\t\t\t\t<\/div>\n\t\t\t\t\t<\/div>\n\t\t<\/div>\n\t\t\t\t\t\t\t<\/div>\n\t\t<\/section>\n\t\t\t\t<section class=\"elementor-section elementor-top-section elementor-element elementor-element-d25c065 elementor-section-boxed elementor-section-height-default elementor-section-height-default\" data-id=\"d25c065\" data-element_type=\"section\">\n\t\t\t\t\t\t<div class=\"elementor-container elementor-column-gap-default\">\n\t\t\t\t\t<div class=\"elementor-column elementor-col-100 elementor-top-column elementor-element elementor-element-538bfe7\" data-id=\"538bfe7\" data-element_type=\"column\">\n\t\t\t<div class=\"elementor-widget-wrap elementor-element-populated\">\n\t\t\t\t\t\t\t\t<div class=\"elementor-element elementor-element-5930bab elementor-widget elementor-widget-text-editor\" data-id=\"5930bab\" data-element_type=\"widget\" data-widget_type=\"text-editor.default\">\n\t\t\t\t<div class=\"elementor-widget-container\">\n\t\t\t\t\t\t\t<div class=\"wpb_text_column \">\n<div class=\"wpb_wrapper\">\n<h1><span style=\"font-weight: normal;\">TC Gem\u00fcnden<\/span> <\/h1>\n<\/div>\n<\/div>\n<p><strong>Tennis wo es am Main am sch\u00f6nsten ist.<br><\/strong><\/p>\n<p><\/p>\n<p>Seit 1967 wird in Gem\u00fcnden am Main Tennis gespielt. Den Mitgliedern und G\u00e4sten stehen auf der Anlage zwischen Sinn und Saale&nbsp; 6 Sandpl\u00e4tze und ein Clubhaus zur Verf\u00fcgung.<\/p>\n<p><\/p>\n<div>&nbsp;<\/div>\t\t\t\t\t\t<\/div>\n\t\t\t\t<\/div>\n\t\t\t\t\t<\/div>\n\t\t<\/div>\n\t\t\t\t\t\t\t<\/div>\n\t\t<\/section>\n\t\t\t\t<section class=\"elementor-section elementor-top-section elementor-element elementor-element-0325a65 elementor-section-boxed elementor-section-height-default elementor-section-height-default\" data-id=\"0325a65\" data-element_type=\"section\">\n\t\t\t\t\t\t<div class=\"elementor-container elementor-column-gap-default\">\n\t\t\t\t\t<div class=\"elementor-column elementor-col-50 elementor-top-column elementor-element elementor-element-d9ece8f\" data-id=\"d9ece8f\" data-element_type=\"column\">\n\t\t\t<div class=\"elementor-widget-wrap elementor-element-populated\">\n\t\t\t\t\t\t\t\t<div class=\"elementor-element elementor-element-215ed25 elementor-widget elementor-widget-image\" data-id=\"215ed25\" data-element_type=\"widget\" data-widget_type=\"image.default\">\n\t\t\t\t<div class=\"elementor-widget-container\">\n\t\t\t\t\t\t\t\t\t\t\t\t\t\t\t<img decoding=\"async\" width=\"350\" height=\"262\" src=\"https:\/\/tcgem\u00fcnden.de\/wp-content\/uploads\/2023\/02\/p5043875-b350px.jpg\" class=\"attachment-large size-large wp-image-620\" alt=\"\" srcset=\"https:\/\/tcgem\u00fcnden.de\/wp-content\/uploads\/2023\/02\/p5043875-b350px.jpg 350w, https:\/\/tcgem\u00fcnden.de\/wp-content\/uploads\/2023\/02\/p5043875-b350px-300x225.jpg 300w\" sizes=\"(max-width: 350px) 100vw, 350px\" \/>\t\t\t\t\t\t\t\t\t\t\t\t\t\t\t<\/div>\n\t\t\t\t<\/div>\n\t\t\t\t<div class=\"elementor-element elementor-element-8f55347 elementor-widget elementor-widget-image\" data-id=\"8f55347\" data-element_type=\"widget\" data-widget_type=\"image.default\">\n\t\t\t\t<div class=\"elementor-widget-container\">\n\t\t\t\t\t\t\t\t\t\t\t\t\t\t\t<img decoding=\"async\" width=\"350\" height=\"233\" src=\"https:\/\/tcgem\u00fcnden.de\/wp-content\/uploads\/2023\/02\/tennisplatz-b350px-1.jpg\" class=\"attachment-2048x2048 size-2048x2048 wp-image-626\" alt=\"\" srcset=\"https:\/\/tcgem\u00fcnden.de\/wp-content\/uploads\/2023\/02\/tennisplatz-b350px-1.jpg 350w, https:\/\/tcgem\u00fcnden.de\/wp-content\/uploads\/2023\/02\/tennisplatz-b350px-1-300x200.jpg 300w\" sizes=\"(max-width: 350px) 100vw, 350px\" \/>\t\t\t\t\t\t\t\t\t\t\t\t\t\t\t<\/div>\n\t\t\t\t<\/div>\n\t\t\t\t\t<\/div>\n\t\t<\/div>\n\t\t\t\t<div class=\"elementor-column elementor-col-50 elementor-top-column elementor-element elementor-element-ac7d298\" data-id=\"ac7d298\" data-element_type=\"column\">\n\t\t\t<div class=\"elementor-widget-wrap elementor-element-populated\">\n\t\t\t\t\t\t\t\t<div class=\"elementor-element elementor-element-f23f764 elementor-widget elementor-widget-text-editor\" data-id=\"f23f764\" data-element_type=\"widget\" data-widget_type=\"text-editor.default\">\n\t\t\t\t<div class=\"elementor-widget-container\">\n\t\t\t\t\t\t\t<div><div><h1 style=\"text-align: center;\">Der TC Gem\u00fcnden<\/h1><\/div><\/div><div><div><p>Ist mit seinen 6 Sandpl\u00e4tzen vor dem Tennisclub Massenbuch, der gr\u00f6sste Tennisverein der Stadt Gem\u00fcnden und der zweitgr\u00f6sste im Landkreis Main-Spessart nach dem TSV Karlstadt mit 8 Au\u00dfenpl\u00e4tzen. Malerisch zwischen Fr\u00e4nkischer Saale und Sinn gelegen, f\u00fcgt sich der TCG in die herrliche Landschaft des Spessarts ein.<\/p><p>Seit 1967 wird in Gem\u00fcnden Tennis gespielt. Den Mitgliedern und G\u00e4sten stehen neben den Tennispl\u00e4tzen auch ein ger\u00e4umiges Clubhaus zur Verf\u00fcgung.<\/p><p>Der TC Gem\u00fcnden ist mit jeweils 3 Erwachsenen- und 3 Jugendmannschaften in Kooperation mit dem TC SKI Rieneck in den verschiedensten Spielklassen vertreten.<\/p><p>\u00a0<\/p><\/div><\/div>\t\t\t\t\t\t<\/div>\n\t\t\t\t<\/div>\n\t\t\t\t\t<\/div>\n\t\t<\/div>\n\t\t\t\t\t\t\t<\/div>\n\t\t<\/section>\n\t\t\t\t<section class=\"elementor-section elementor-top-section elementor-element elementor-element-534ca33 elementor-section-boxed elementor-section-height-default elementor-section-height-default\" data-id=\"534ca33\" data-element_type=\"section\">\n\t\t\t\t\t\t<div class=\"elementor-container elementor-column-gap-default\">\n\t\t\t\t\t<div class=\"elementor-column elementor-col-100 elementor-top-column elementor-element elementor-element-63546da\" data-id=\"63546da\" data-element_type=\"column\">\n\t\t\t<div class=\"elementor-widget-wrap elementor-element-populated\">\n\t\t\t\t\t\t\t\t<div class=\"elementor-element elementor-element-39f95d8 elementor-widget elementor-widget-image\" data-id=\"39f95d8\" data-element_type=\"widget\" data-widget_type=\"image.default\">\n\t\t\t\t<div class=\"elementor-widget-container\">\n\t\t\t\t\t\t\t\t\t\t\t\t\t\t\t<img loading=\"lazy\" decoding=\"async\" width=\"650\" height=\"610\" src=\"https:\/\/tcgem\u00fcnden.de\/wp-content\/uploads\/2023\/05\/Anfahrt.png\" class=\"attachment-large size-large wp-image-1146\" alt=\"\" srcset=\"https:\/\/tcgem\u00fcnden.de\/wp-content\/uploads\/2023\/05\/Anfahrt.png 650w, https:\/\/tcgem\u00fcnden.de\/wp-content\/uploads\/2023\/05\/Anfahrt-300x282.png 300w\" sizes=\"(max-width: 650px) 100vw, 650px\" \/>\t\t\t\t\t\t\t\t\t\t\t\t\t\t\t<\/div>\n\t\t\t\t<\/div>\n\t\t\t\t<div class=\"elementor-element elementor-element-671a9ef elementor-widget elementor-widget-image\" data-id=\"671a9ef\" data-element_type=\"widget\" data-widget_type=\"image.default\">\n\t\t\t\t<div class=\"elementor-widget-container\">\n\t\t\t\t\t\t\t\t\t\t\t\t\t\t\t\t<a href=\"https:\/\/www.raiba-msp.de\">\n\t\t\t\t\t\t\t<img loading=\"lazy\" decoding=\"async\" width=\"1024\" height=\"300\" src=\"https:\/\/tcgem\u00fcnden.de\/wp-content\/uploads\/2023\/07\/Forderlogo_RbMSPdruck-1024x300.jpg\" class=\"attachment-large size-large wp-image-1182\" alt=\"\" srcset=\"https:\/\/tcgem\u00fcnden.de\/wp-content\/uploads\/2023\/07\/Forderlogo_RbMSPdruck-1024x300.jpg 1024w, https:\/\/tcgem\u00fcnden.de\/wp-content\/uploads\/2023\/07\/Forderlogo_RbMSPdruck-300x88.jpg 300w, https:\/\/tcgem\u00fcnden.de\/wp-content\/uploads\/2023\/07\/Forderlogo_RbMSPdruck-768x225.jpg 768w, https:\/\/tcgem\u00fcnden.de\/wp-content\/uploads\/2023\/07\/Forderlogo_RbMSPdruck.jpg 1500w\" sizes=\"(max-width: 1024px) 100vw, 1024px\" \/>\t\t\t\t\t\t\t\t<\/a>\n\t\t\t\t\t\t\t\t\t\t\t\t\t\t\t<\/div>\n\t\t\t\t<\/div>\n\t\t\t\t\t<\/div>\n\t\t<\/div>\n\t\t\t\t\t\t\t<\/div>\n\t\t<\/section>\n\t\t\t\t<section class=\"elementor-section elementor-top-section elementor-element elementor-element-ca54c39 elementor-section-boxed elementor-section-height-default elementor-section-height-default\" data-id=\"ca54c39\" data-element_type=\"section\">\n\t\t\t\t\t\t<div class=\"elementor-container elementor-column-gap-default\">\n\t\t\t\t\t<div class=\"elementor-column elementor-col-33 elementor-top-column elementor-element elementor-element-0a96ba4\" data-id=\"0a96ba4\" data-element_type=\"column\">\n\t\t\t<div class=\"elementor-widget-wrap elementor-element-populated\">\n\t\t\t\t\t\t\t\t<div class=\"elementor-element elementor-element-8b64fed elementor-widget elementor-widget-image\" data-id=\"8b64fed\" data-element_type=\"widget\" data-widget_type=\"image.default\">\n\t\t\t\t<div class=\"elementor-widget-container\">\n\t\t\t\t\t\t\t\t\t\t\t\t\t\t\t\t<a href=\"https:\/\/stadtapotheke-gemuenden.de\/\">\n\t\t\t\t\t\t\t<img loading=\"lazy\" decoding=\"async\" width=\"239\" height=\"239\" src=\"https:\/\/tcgem\u00fcnden.de\/wp-content\/uploads\/2023\/02\/logo-1.jpg\" class=\"attachment-large size-large wp-image-851\" alt=\"\" srcset=\"https:\/\/tcgem\u00fcnden.de\/wp-content\/uploads\/2023\/02\/logo-1.jpg 239w, https:\/\/tcgem\u00fcnden.de\/wp-content\/uploads\/2023\/02\/logo-1-150x150.jpg 150w\" sizes=\"(max-width: 239px) 100vw, 239px\" \/>\t\t\t\t\t\t\t\t<\/a>\n\t\t\t\t\t\t\t\t\t\t\t\t\t\t\t<\/div>\n\t\t\t\t<\/div>\n\t\t\t\t\t<\/div>\n\t\t<\/div>\n\t\t\t\t<div class=\"elementor-column elementor-col-33 elementor-top-column elementor-element elementor-element-76aa3a1\" data-id=\"76aa3a1\" data-element_type=\"column\">\n\t\t\t<div class=\"elementor-widget-wrap elementor-element-populated\">\n\t\t\t\t\t\t\t\t<div class=\"elementor-element elementor-element-515f52d e-transform e-transform elementor-widget elementor-widget-image\" data-id=\"515f52d\" data-element_type=\"widget\" data-settings=\"{&quot;_transform_translateY_effect&quot;:{&quot;unit&quot;:&quot;px&quot;,&quot;size&quot;:12,&quot;sizes&quot;:[]},&quot;_transform_scale_effect&quot;:{&quot;unit&quot;:&quot;px&quot;,&quot;size&quot;:0.9,&quot;sizes&quot;:[]},&quot;_transform_translateX_effect&quot;:{&quot;unit&quot;:&quot;px&quot;,&quot;size&quot;:&quot;&quot;,&quot;sizes&quot;:[]},&quot;_transform_translateX_effect_tablet&quot;:{&quot;unit&quot;:&quot;px&quot;,&quot;size&quot;:&quot;&quot;,&quot;sizes&quot;:[]},&quot;_transform_translateX_effect_mobile&quot;:{&quot;unit&quot;:&quot;px&quot;,&quot;size&quot;:&quot;&quot;,&quot;sizes&quot;:[]},&quot;_transform_translateY_effect_tablet&quot;:{&quot;unit&quot;:&quot;px&quot;,&quot;size&quot;:&quot;&quot;,&quot;sizes&quot;:[]},&quot;_transform_translateY_effect_mobile&quot;:{&quot;unit&quot;:&quot;px&quot;,&quot;size&quot;:&quot;&quot;,&quot;sizes&quot;:[]},&quot;_transform_scale_effect_tablet&quot;:{&quot;unit&quot;:&quot;px&quot;,&quot;size&quot;:&quot;&quot;,&quot;sizes&quot;:[]},&quot;_transform_scale_effect_mobile&quot;:{&quot;unit&quot;:&quot;px&quot;,&quot;size&quot;:&quot;&quot;,&quot;sizes&quot;:[]}}\" data-widget_type=\"image.default\">\n\t\t\t\t<div class=\"elementor-widget-container\">\n\t\t\t\t\t\t\t\t\t\t\t\t\t\t\t\t<a href=\"https:\/\/stadtmarketing-gemuenden.de\/landbaeckerei-bock\/\">\n\t\t\t\t\t\t\t<img loading=\"lazy\" decoding=\"async\" width=\"300\" height=\"300\" src=\"https:\/\/tcgem\u00fcnden.de\/wp-content\/uploads\/2023\/02\/bock-1-300x300.jpg\" class=\"attachment-medium size-medium wp-image-853\" alt=\"\" srcset=\"https:\/\/tcgem\u00fcnden.de\/wp-content\/uploads\/2023\/02\/bock-1-300x300.jpg 300w, https:\/\/tcgem\u00fcnden.de\/wp-content\/uploads\/2023\/02\/bock-1-150x150.jpg 150w, https:\/\/tcgem\u00fcnden.de\/wp-content\/uploads\/2023\/02\/bock-1.jpg 350w\" sizes=\"(max-width: 300px) 100vw, 300px\" \/>\t\t\t\t\t\t\t\t<\/a>\n\t\t\t\t\t\t\t\t\t\t\t\t\t\t\t<\/div>\n\t\t\t\t<\/div>\n\t\t\t\t\t<\/div>\n\t\t<\/div>\n\t\t\t\t<div class=\"elementor-column elementor-col-33 elementor-top-column elementor-element elementor-element-ef5dec9\" data-id=\"ef5dec9\" data-element_type=\"column\">\n\t\t\t<div class=\"elementor-widget-wrap elementor-element-populated\">\n\t\t\t\t\t\t\t\t<div class=\"elementor-element elementor-element-8cd682d e-transform elementor-widget elementor-widget-image\" data-id=\"8cd682d\" data-element_type=\"widget\" data-settings=\"{&quot;_transform_translateX_effect&quot;:{&quot;unit&quot;:&quot;px&quot;,&quot;size&quot;:0,&quot;sizes&quot;:[]},&quot;_transform_translateY_effect&quot;:{&quot;unit&quot;:&quot;px&quot;,&quot;size&quot;:73,&quot;sizes&quot;:[]},&quot;_transform_translateX_effect_tablet&quot;:{&quot;unit&quot;:&quot;px&quot;,&quot;size&quot;:&quot;&quot;,&quot;sizes&quot;:[]},&quot;_transform_translateX_effect_mobile&quot;:{&quot;unit&quot;:&quot;px&quot;,&quot;size&quot;:&quot;&quot;,&quot;sizes&quot;:[]},&quot;_transform_translateY_effect_tablet&quot;:{&quot;unit&quot;:&quot;px&quot;,&quot;size&quot;:&quot;&quot;,&quot;sizes&quot;:[]},&quot;_transform_translateY_effect_mobile&quot;:{&quot;unit&quot;:&quot;px&quot;,&quot;size&quot;:&quot;&quot;,&quot;sizes&quot;:[]}}\" data-widget_type=\"image.default\">\n\t\t\t\t<div class=\"elementor-widget-container\">\n\t\t\t\t\t\t\t\t\t\t\t\t\t\t\t\t<a href=\"https:\/\/www.formenbau-niemann.de\/\">\n\t\t\t\t\t\t\t<img loading=\"lazy\" decoding=\"async\" width=\"270\" height=\"81\" src=\"https:\/\/tcgem\u00fcnden.de\/wp-content\/uploads\/2023\/02\/LogoFormenbauNiemannGmbHneuschwarzklein-269w-1.webp\" class=\"attachment-large size-large wp-image-852\" alt=\"\" \/>\t\t\t\t\t\t\t\t<\/a>\n\t\t\t\t\t\t\t\t\t\t\t\t\t\t\t<\/div>\n\t\t\t\t<\/div>\n\t\t\t\t<section class=\"elementor-section elementor-inner-section elementor-element elementor-element-18ed45c elementor-section-boxed elementor-section-height-default elementor-section-height-default\" data-id=\"18ed45c\" data-element_type=\"section\">\n\t\t\t\t\t\t<div class=\"elementor-container elementor-column-gap-default\">\n\t\t\t\t\t<div class=\"elementor-column elementor-col-50 elementor-inner-column elementor-element elementor-element-f0696e7\" data-id=\"f0696e7\" data-element_type=\"column\">\n\t\t\t<div class=\"elementor-widget-wrap\">\n\t\t\t\t\t\t\t\t\t<\/div>\n\t\t<\/div>\n\t\t\t\t<div class=\"elementor-column elementor-col-50 elementor-inner-column elementor-element elementor-element-cb05bc8\" data-id=\"cb05bc8\" data-element_type=\"column\">\n\t\t\t<div class=\"elementor-widget-wrap\">\n\t\t\t\t\t\t\t\t\t<\/div>\n\t\t<\/div>\n\t\t\t\t\t\t\t<\/div>\n\t\t<\/section>\n\t\t\t\t\t<\/div>\n\t\t<\/div>\n\t\t\t\t\t\t\t<\/div>\n\t\t<\/section>\n\t\t\t\t\t\t\t<\/div>\n\t\t","protected":false},"excerpt":{"rendered":"<p>TC Gem\u00fcnden Tennis wo es am Main am sch\u00f6nsten ist. Seit 1967 wird in Gem\u00fcnden am Main Tennis gespielt. Den Mitgliedern und G\u00e4sten stehen auf der Anlage zwischen Sinn und [&hellip;]<\/p>\n","protected":false},"author":1,"featured_media":0,"parent":0,"menu_order":0,"comment_status":"closed","ping_status":"closed","template":"","meta":[],"_links":{"self":[{"href":"https:\/\/tcgem\u00fcnden.de\/index.php?rest_route=\/wp\/v2\/pages\/197"}],"collection":[{"href":"https:\/\/tcgem\u00fcnden.de\/index.php?rest_route=\/wp\/v2\/pages"}],"about":[{"href":"https:\/\/tcgem\u00fcnden.de\/index.php?rest_route=\/wp\/v2\/types\/page"}],"author":[{"embeddable":true,"href":"https:\/\/tcgem\u00fcnden.de\/index.php?rest_route=\/wp\/v2\/users\/1"}],"replies":[{"embeddable":true,"href":"https:\/\/tcgem\u00fcnden.de\/index.php?rest_route=%2Fwp%2Fv2%2Fcomments&post=197"}],"version-history":[{"count":385,"href":"https:\/\/tcgem\u00fcnden.de\/index.php?rest_route=\/wp\/v2\/pages\/197\/revisions"}],"predecessor-version":[{"id":1380,"href":"https:\/\/tcgem\u00fcnden.de\/index.php?rest_route=\/wp\/v2\/pages\/197\/revisions\/1380"}],"wp:attachment":[{"href":"https:\/\/tcgem\u00fcnden.de\/index.php?rest_route=%2Fwp%2Fv2%2Fmedia&parent=197"}],"curies":[{"name":"wp","href":"https:\/\/api.w.org\/{rel}","templated":true}]}}